{"id":27,"date":"2025-12-19T15:51:37","date_gmt":"2025-12-19T15:51:37","guid":{"rendered":"https:\/\/www.expeditingsupportservices.com\/?page_id=27"},"modified":"2026-03-16T16:21:57","modified_gmt":"2026-03-16T16:21:57","slug":"contact","status":"publish","type":"page","link":"https:\/\/www.expeditingsupportservices.com\/es\/contact\/","title":{"rendered":"Contacto"},"content":{"rendered":"<div class=\"et_pb_section_0 et_pb_section et_section_regular et_flex_section\">\n<div class=\"et_pb_row_0 et_pb_row et_flex_row\">\n<div class=\"et_pb_column_0 et_pb_column et-last-child et_flex_column et_pb_css_mix_blend_mode_passthrough et_flex_column_24_24 et_flex_column_24_24_tablet et_flex_column_24_24_phone\">\n<div class=\"et_pb_heading_0 et_pb_heading et_pb_module et_flex_module\"><div class=\"et_pb_heading_container\"><h2 class=\"et_pb_module_header\">Contacto<\/h2><\/div><\/div>\n<\/div>\n<\/div>\n<\/div>\n\n<div class=\"et_pb_section_1 et_pb_section et_section_regular et_flex_section\">\n<div class=\"et_pb_row_1 et_pb_row et_flex_row\">\n<div class=\"et_pb_column_1 et_pb_column et-last-child et_flex_column et_pb_css_mix_blend_mode_passthrough et_flex_column_24_24 et_flex_column_24_24_tablet et_flex_column_24_24_phone\">\n<div class=\"et_pb_text_0 et_pb_text et_pb_bg_layout_light et_pb_module et_flex_module\"><div class=\"et_pb_text_inner\"><p><span>Cont\u00e1ctenos para una revisi\u00f3n r\u00e1pida de sus planes o una consulta inmediata sobre sus necesidades de presentaci\u00f3n.<\/span><\/p>\n<\/div><\/div>\n<\/div>\n<\/div>\n<\/div>\n\n<div class=\"et_pb_section_2 et_pb_section et_section_regular et_flex_section\">\n<div class=\"et_pb_row_2 et_pb_row et_flex_row\">\n<div class=\"et_pb_column_2 et_pb_column et_flex_column et_pb_css_mix_blend_mode_passthrough et_flex_column_12_24 et_flex_column_12_24_tablet et_flex_column_24_24_phone\">\n<div class=\"et_pb_heading_1 et_pb_heading et_pb_module et_flex_module\"><div class=\"et_pb_heading_container\"><h5 class=\"et_pb_module_header\">Env\u00ede su solicitud<\/h5><\/div><\/div>\n\n<div class=\"et_pb_text_1 et_pb_text et_pb_bg_layout_light et_pb_module et_flex_module\"><div class=\"et_pb_text_inner\"><p><span>Fill out the form below and we'll get back to you within 24 hours.<\/span><\/p>\n<\/div><\/div>\n\n<div class=\"et_pb_contact_form_0 et_pb_contact_form_container clearfix et_pb_module et_flex_module\" data-form_unique_num=\"0\" data-form_unique_id=\"c1132ae3-aa71-44f1-b0f1-2393f3c79d48\" id=\"et_pb_contact_form_c1132ae3-aa71-44f1-b0f1-2393f3c79d48\"><div class=\"et-pb-contact-message\"><\/div><div class=\"et_pb_contact\"><form class=\"et_pb_contact_form et_flex_module\" method=\"post\" action=\"https:\/\/www.expeditingsupportservices.com\/es\/wp-json\/wp\/v2\/pages\/27\" data-trp-original-action=\"https:\/\/www.expeditingsupportservices.com\/es\/wp-json\/wp\/v2\/pages\/27\">\n<div class=\"et_pb_contact_field_0 et_pb_contact_field et_pb_module et_flex_module et_flex_column_24_24 et_flex_column_24_24_tablet et_flex_column_24_24_phone\" data-id=\"name\" data-type=\"input\"><label class=\"et_pb_contact_form_label\" for=\"et_pb_contact_0_name_0\">Nombre<\/label><input type=\"text\" name=\"et_pb_contact_0_name_0\" id=\"et_pb_contact_0_name_0\" class=\"input\" data-required_mark=\"required\" data-field_type=\"input\" data-original_id=\"name\" placeholder=\"Nombre\" title=\"\" value=\"\" \/><\/div>\n\n<div class=\"et_pb_contact_field_1 et_pb_contact_field et_pb_module et_flex_module et_flex_column_24_24 et_flex_column_24_24_tablet et_flex_column_24_24_phone\" data-id=\"company\" data-type=\"input\"><label class=\"et_pb_contact_form_label\" for=\"et_pb_contact_0_company_1\">Nombre de la empresa<\/label><input type=\"text\" name=\"et_pb_contact_0_company_1\" id=\"et_pb_contact_0_company_1\" class=\"input\" data-required_mark=\"required\" data-field_type=\"input\" data-original_id=\"company\" placeholder=\"Nombre de la empresa\" title=\"\" value=\"\" \/><\/div>\n\n<div class=\"et_pb_contact_field_2 et_pb_contact_field et_pb_module et_flex_module et_flex_column_24_24 et_flex_column_24_24_tablet et_flex_column_24_24_phone\" data-id=\"email\" data-type=\"email\"><label class=\"et_pb_contact_form_label\" for=\"et_pb_contact_0_email_2\">Direcci\u00f3n de correo electr\u00f3nico<\/label><input type=\"text\" name=\"et_pb_contact_0_email_2\" id=\"et_pb_contact_0_email_2\" class=\"input\" data-required_mark=\"required\" data-field_type=\"email\" data-original_id=\"email\" placeholder=\"Direcci\u00f3n de correo electr\u00f3nico\" title=\"\" value=\"\" \/><\/div>\n\n<div class=\"et_pb_contact_field_3 et_pb_contact_field et_pb_module et_flex_module et_flex_column_24_24 et_flex_column_24_24_tablet et_flex_column_24_24_phone\" data-id=\"phone\" data-type=\"input\"><label class=\"et_pb_contact_form_label\" for=\"et_pb_contact_0_phone_3\">Tel\u00e9fono<\/label><input type=\"text\" name=\"et_pb_contact_0_phone_3\" id=\"et_pb_contact_0_phone_3\" class=\"input\" data-required_mark=\"required\" data-field_type=\"input\" data-original_id=\"phone\" placeholder=\"Tel\u00e9fono\" title=\"\" value=\"\" \/><\/div>\n\n<div class=\"et_pb_contact_field_4 et_pb_contact_field et_pb_module et_flex_module et_flex_column_24_24 et_flex_column_24_24_tablet et_flex_column_24_24_phone\" data-id=\"help\" data-type=\"radio\"><label class=\"et_pb_contact_form_label\">Necesito ayuda con (seleccione todas las opciones que correspondan): <\/label><span class=\"et_pb_contact_field_options_wrapper\"><span class=\"et_pb_contact_field_options_title\">Necesito ayuda con (seleccione todas las opciones que correspondan): <\/span><span class=\"et_pb_contact_field_options_list\"><span class=\"et_pb_contact_field_radio\"><input type=\"radio\" name=\"et_pb_contact_0_help_4\" id=\"et_pb_contact_0_help_4_0\" class=\"input\" value=\"DOB &amp; Municipal Expediting\" data-required_mark=\"required\" data-field_type=\"radio\" data-original_id=\"help\" data-id=\"fda0a820-eec0-4233-961f-feb46daa6c72\" \/><label for=\"et_pb_contact_0_help_4_0\"><i><\/i>DOB & Municipal Expediting<\/label><\/span><span class=\"et_pb_contact_field_radio\"><input type=\"radio\" name=\"et_pb_contact_0_help_4\" id=\"et_pb_contact_0_help_4_1\" class=\"input\" value=\"Fire Alarm System Compliance\" data-required_mark=\"required\" data-field_type=\"radio\" data-original_id=\"help\" data-id=\"6a60aaa4-7991-48db-aec5-30b534f5ef95\" \/><label for=\"et_pb_contact_0_help_4_1\"><i><\/i>Cumplimiento del sistema de alarma contra incendios<\/label><\/span><span class=\"et_pb_contact_field_radio\"><input type=\"radio\" name=\"et_pb_contact_0_help_4\" id=\"et_pb_contact_0_help_4_2\" class=\"input\" value=\"Pre-inspection &amp; Audits\" data-required_mark=\"required\" data-field_type=\"radio\" data-original_id=\"help\" data-id=\"838bdc45-3b58-4dd0-82c3-8d8ca82dacb9\" \/><label for=\"et_pb_contact_0_help_4_2\"><i><\/i>Pre-inspection & Audits<\/label><\/span><span class=\"et_pb_contact_field_radio\"><input type=\"radio\" name=\"et_pb_contact_0_help_4\" id=\"et_pb_contact_0_help_4_3\" class=\"input\" value=\"Document &amp; Filing\" data-required_mark=\"required\" data-field_type=\"radio\" data-original_id=\"help\" data-id=\"428d8463-3ae5-4b9c-9c63-d33ef319c7f9\" \/><label for=\"et_pb_contact_0_help_4_3\"><i><\/i>Document & Filing<\/label><\/span><span class=\"et_pb_contact_field_radio\"><input type=\"radio\" name=\"et_pb_contact_0_help_4\" id=\"et_pb_contact_0_help_4_4\" class=\"input\" value=\"Code Consulting\" data-required_mark=\"required\" data-field_type=\"radio\" data-original_id=\"help\" data-id=\"aa04423c-a625-439f-8a27-78744ffc23e9\" \/><label for=\"et_pb_contact_0_help_4_4\"><i><\/i>Consultor\u00eda de c\u00f3digo<\/label><\/span><span class=\"et_pb_contact_field_radio\"><input type=\"radio\" name=\"et_pb_contact_0_help_4\" id=\"et_pb_contact_0_help_4_5\" class=\"input\" value=\"Installation Compliance\" data-required_mark=\"required\" data-field_type=\"radio\" data-original_id=\"help\" data-id=\"ecebe4c6-c406-4408-b018-1f9a32a6bf8b\" \/><label for=\"et_pb_contact_0_help_4_5\"><i><\/i>Cumplimiento de la instalaci\u00f3n<\/label><\/span><span class=\"et_pb_contact_field_radio\"><input type=\"radio\" name=\"et_pb_contact_0_help_4\" id=\"et_pb_contact_0_help_4_6\" class=\"input\" value=\"Other\" data-required_mark=\"required\" data-field_type=\"radio\" data-original_id=\"help\" data-id=\"003bbee7-a417-4bbc-b235-278c79d78bc4\" \/><label for=\"et_pb_contact_0_help_4_6\"><i><\/i>Otros<\/label><\/span><\/span><\/span><\/div>\n\n<div class=\"et_pb_contact_field_5 et_pb_contact_field et_pb_module et_flex_module et_flex_column_24_24 et_flex_column_24_24_tablet et_flex_column_24_24_phone\" data-id=\"message\" data-type=\"text\"><label class=\"et_pb_contact_form_label\" for=\"et_pb_contact_0_message_5\">Mensaje<\/label><textarea name=\"et_pb_contact_0_message_5\" id=\"et_pb_contact_0_message_5\" class=\"et_pb_contact_message input\" data-required_mark=\"required\" data-field_type=\"text\" data-original_id=\"message\" placeholder=\"Mensaje\"><\/textarea><\/div>\n<input type=\"hidden\" name=\"et_pb_contactform_submit_c1132ae3-aa71-44f1-b0f1-2393f3c79d48\" value=\"et_contact_proccess\" \/><div class=\"et_contact_bottom_container\"><div class=\"et_pb_contact_right et_pb_contact_field\"><p class=\"clearfix\"><span class=\"et_pb_contact_captcha_question\">7 + 1<\/span> = <input type=\"text\" size=\"2\" class=\"input et_pb_contact_captcha\" data-first_digit=\"7\" data-second_digit=\"1\" data-required_mark=\"required\" name=\"et_pb_contact_captcha_c1132ae3-aa71-44f1-b0f1-2393f3c79d48\" autocomplete=\"off\" \/><\/p><\/div><div class=\"et_pb_button_wrapper\"><button type=\"submit\" name=\"et_builder_submit_button\" class=\"et_pb_button et_pb_contact_submit\">Enviar<\/button><\/div><\/div><input type=\"hidden\" id=\"_wpnonce-et-pb-contact-form-submitted-c1132ae3-aa71-44f1-b0f1-2393f3c79d48\" name=\"_wpnonce-et-pb-contact-form-submitted-c1132ae3-aa71-44f1-b0f1-2393f3c79d48\" value=\"0097ce7a4a\" \/><input type=\"hidden\" name=\"_wp_http_referer\" value=\"\/es\/wp-json\/wp\/v2\/pages\/27\" \/><input type=\"hidden\" name=\"trp-form-language\" value=\"es\"\/><\/form><\/div><\/div>\n<\/div>\n\n<div class=\"et_pb_column_3 et_pb_column et-last-child et_flex_column et_pb_css_mix_blend_mode_passthrough et_flex_column_12_24 et_flex_column_12_24_tablet et_flex_column_24_24_phone\">\n<div class=\"et_pb_heading_2 et_pb_heading et_pb_module et_flex_module\"><div class=\"et_pb_heading_container\"><h5 class=\"et_pb_module_header\">Cont\u00e1ctenos<\/h5><\/div><\/div>\n\n<div class=\"et_pb_text_2 et_pb_text et_pb_bg_layout_light et_pb_module et_flex_module\"><div class=\"et_pb_text_inner\"><p><span>\u00bfTienes preguntas o necesitas ayuda inmediata? Ponte en contacto con nosotros directamente.<\/span><\/p>\n<\/div><\/div>\n\n<div class=\"et_pb_blurb_0 et_pb_blurb et_pb_bg_layout_light et_pb_blurb_position_left et_pb_module et_flex_module\"><div class=\"et_pb_blurb_content et_flex_module\"><div class=\"et_pb_main_blurb_image\"><span class=\"et_pb_image_wrap\"><span class=\"et-pb-icon et-waypoint et_pb_animation_top et_pb_animation_top_tablet et_pb_animation_top_phone\">\uf098<\/span><\/span><\/div><div class=\"et_pb_blurb_container\"><h4 class=\"et_pb_module_header\">Tel\u00e9fono<\/h4><div class=\"et_pb_blurb_description\"><p>631-745-2595<\/p>\n<\/div><\/div><\/div><\/div>\n\n<div class=\"et_pb_blurb_1 et_pb_blurb et_pb_bg_layout_light et_pb_blurb_position_left et_pb_module et_flex_module\"><div class=\"et_pb_blurb_content et_flex_module\"><div class=\"et_pb_main_blurb_image\"><span class=\"et_pb_image_wrap\"><span class=\"et-pb-icon et-waypoint et_pb_animation_top et_pb_animation_top_tablet et_pb_animation_top_phone\">\uf0e0<\/span><\/span><\/div><div class=\"et_pb_blurb_container\"><h4 class=\"et_pb_module_header\">Correo electr\u00f3nico<\/h4><div class=\"et_pb_blurb_description\"><p><a href=\"mailto:wnazar@expeditingsupportservices.com\">wnazar@expeditingsupportservices.com<\/a><\/p>\n<\/div><\/div><\/div><\/div>\n<\/div>\n<\/div>\n<\/div>","protected":false},"excerpt":{"rendered":"","protected":false},"author":1,"featured_media":0,"parent":0,"menu_order":0,"comment_status":"closed","ping_status":"closed","template":"","meta":{"footnotes":""},"class_list":["post-27","page","type-page","status-publish","hentry"],"_links":{"self":[{"href":"https:\/\/www.expeditingsupportservices.com\/es\/wp-json\/wp\/v2\/pages\/27","targetHints":{"allow":["GET"]}}],"collection":[{"href":"https:\/\/www.expeditingsupportservices.com\/es\/wp-json\/wp\/v2\/pages"}],"about":[{"href":"https:\/\/www.expeditingsupportservices.com\/es\/wp-json\/wp\/v2\/types\/page"}],"author":[{"embeddable":true,"href":"https:\/\/www.expeditingsupportservices.com\/es\/wp-json\/wp\/v2\/users\/1"}],"replies":[{"embeddable":true,"href":"https:\/\/www.expeditingsupportservices.com\/es\/wp-json\/wp\/v2\/comments?post=27"}],"version-history":[{"count":28,"href":"https:\/\/www.expeditingsupportservices.com\/es\/wp-json\/wp\/v2\/pages\/27\/revisions"}],"predecessor-version":[{"id":341,"href":"https:\/\/www.expeditingsupportservices.com\/es\/wp-json\/wp\/v2\/pages\/27\/revisions\/341"}],"wp:attachment":[{"href":"https:\/\/www.expeditingsupportservices.com\/es\/wp-json\/wp\/v2\/media?parent=27"}],"curies":[{"name":"wp","href":"https:\/\/api.w.org\/{rel}","templated":true}]}}