{"id":21,"date":"2025-12-19T15:49:49","date_gmt":"2025-12-19T15:49:49","guid":{"rendered":"https:\/\/www.expeditingsupportservices.com\/?page_id=21"},"modified":"2026-03-16T14:40:38","modified_gmt":"2026-03-16T14:40:38","slug":"services","status":"publish","type":"page","link":"https:\/\/www.expeditingsupportservices.com\/es\/services\/","title":{"rendered":"Servicios"},"content":{"rendered":"<div class=\"et_pb_section_0 et_pb_section et_section_regular et_flex_section\">\n<div class=\"et_pb_row_0 et_pb_row et_flex_row\">\n<div class=\"et_pb_column_0 et_pb_column et-last-child et_flex_column et_pb_css_mix_blend_mode_passthrough et_flex_column_24_24 et_flex_column_24_24_tablet et_flex_column_24_24_phone\">\n<div class=\"et_pb_heading_0 et_pb_heading et_pb_module et_flex_module\"><div class=\"et_pb_heading_container\"><h2 class=\"et_pb_module_header\">Servicios<\/h2><\/div><\/div>\n<\/div>\n<\/div>\n<\/div>\n\n<div class=\"et_pb_section_1 et_pb_section et_section_regular et_flex_section\">\n<div class=\"et_pb_row_1 et_pb_row et_flex_row\">\n<div class=\"et_pb_column_1 et_pb_column et-last-child et_flex_column et_pb_css_mix_blend_mode_passthrough et_flex_column_24_24 et_flex_column_24_24_tablet et_flex_column_24_24_phone\">\n<div class=\"et_pb_text_0 et_pb_text et_pb_bg_layout_light et_pb_module et_flex_module et_flex_column_16_24 et_flex_column_16_24_tablet et_flex_column_16_24_phone\"><div class=\"et_pb_text_inner\"><p><span>Servicios integrales dise\u00f1ados para que sus proyectos se realicen a tiempo, dentro del presupuesto y en total conformidad con todas las normativas.<\/span><\/p>\n<\/div><\/div>\n<\/div>\n<\/div>\n<\/div>\n\n<div class=\"et_pb_section_2 et_pb_section et_section_regular et_flex_section\">\n<div class=\"et_pb_row_2 et_pb_row et_flex_row\">\n<div class=\"et_pb_column_2 et_pb_column et_flex_column et_pb_css_mix_blend_mode_passthrough et_flex_column_12_24 et_flex_column_12_24_tablet et_flex_column_24_24_phone\">\n<div class=\"et_pb_image_0 et_pb_image et_pb_module et_flex_module\"><span class=\"et_pb_image_wrap\"><img loading=\"lazy\" decoding=\"async\" src=\"https:\/\/www.expeditingsupportservices.com\/wp-content\/uploads\/2025\/12\/dob.jpg\" title=\"dob\" width=\"510\" height=\"340\" srcset=\"https:\/\/www.expeditingsupportservices.com\/wp-content\/uploads\/2025\/12\/dob.jpg 510w, https:\/\/www.expeditingsupportservices.com\/wp-content\/uploads\/2025\/12\/dob-480x320.jpg 480w\" sizes=\"(min-width: 0px) and (max-width: 480px) 480px, (min-width: 481px) 510px, 100vw\" class=\"wp-image-254\" \/><\/span><\/div>\n<\/div>\n\n<div class=\"et_pb_column_3 et_pb_column et-last-child et_flex_column et_pb_css_mix_blend_mode_passthrough et_flex_column_12_24 et_flex_column_12_24_tablet et_flex_column_24_24_phone\">\n<div class=\"et_pb_heading_1 et_pb_heading et_pb_module et_flex_module\"><div class=\"et_pb_heading_container\"><h4 class=\"et_pb_module_header\">DOB & Municipal Expediting<\/h4><\/div><\/div>\n\n<div class=\"et_pb_text_1 et_pb_text et_pb_bg_layout_light et_pb_module et_flex_module\"><div class=\"et_pb_text_inner\"><p><span>R\u00e1pida presentaci\u00f3n, tramitaci\u00f3n y obtenci\u00f3n de las aprobaciones finales para todos los proyectos de construcci\u00f3n y seguridad.<\/span><\/p>\n<\/div><\/div>\n\n<ul class=\"et_pb_icon_list_0 et_pb_icon_list et_pb_module et_flex_module\">\n<li class=\"et_pb_icon_list_item_0 et_pb_icon_list_item et_pb_module et_flex_module\"><span class=\"et-pb-icon\">\uf058<\/span><div class=\"et_pb_icon_list_text\">Aprobaciones r\u00e1pidas gracias a las relaciones establecidas con el DOB.<\/div><\/li>\n\n<li class=\"et_pb_icon_list_item_1 et_pb_icon_list_item et_pb_module et_flex_module\"><span class=\"et-pb-icon\">\uf058<\/span><div class=\"et_pb_icon_list_text\">Gesti\u00f3n y presentaci\u00f3n completa de la documentaci\u00f3n<\/div><\/li>\n\n<li class=\"et_pb_icon_list_item_2 et_pb_icon_list_item et_pb_module et_flex_module\"><span class=\"et-pb-icon\">\uf058<\/span><div class=\"et_pb_icon_list_text\">Actualizaciones en tiempo real del estado de todas las presentaciones<\/div><\/li>\n\n<li class=\"et_pb_icon_list_item_3 et_pb_icon_list_item et_pb_module et_flex_module\"><span class=\"et-pb-icon\">\uf058<\/span><div class=\"et_pb_icon_list_text\">Obtenga las aprobaciones finales sin demoras.<\/div><\/li>\n<\/ul>\n<\/div>\n<\/div>\n<\/div>\n\n<div class=\"et_pb_section_3 et_pb_section et_section_regular et_flex_section\">\n<div class=\"et_pb_row_3 et_pb_row et_flex_row\">\n<div class=\"et_pb_column_4 et_pb_column et_flex_column et_pb_css_mix_blend_mode_passthrough et_flex_column_12_24 et_flex_column_12_24_tablet et_flex_column_24_24_phone\">\n<div class=\"et_pb_image_1 et_pb_image et_pb_module et_flex_module\"><span class=\"et_pb_image_wrap\"><img loading=\"lazy\" decoding=\"async\" src=\"https:\/\/www.expeditingsupportservices.com\/wp-content\/uploads\/2025\/12\/fire-system.jpg\" title=\"sistema contra incendios\" width=\"510\" height=\"340\" srcset=\"https:\/\/www.expeditingsupportservices.com\/wp-content\/uploads\/2025\/12\/fire-system.jpg 510w, https:\/\/www.expeditingsupportservices.com\/wp-content\/uploads\/2025\/12\/fire-system-480x320.jpg 480w\" sizes=\"(min-width: 0px) and (max-width: 480px) 480px, (min-width: 481px) 510px, 100vw\" class=\"wp-image-262\" \/><\/span><\/div>\n<\/div>\n\n<div class=\"et_pb_column_5 et_pb_column et-last-child et_flex_column et_pb_css_mix_blend_mode_passthrough et_flex_column_12_24 et_flex_column_12_24_tablet et_flex_column_24_24_phone\">\n<div class=\"et_pb_heading_2 et_pb_heading et_pb_module et_flex_module\"><div class=\"et_pb_heading_container\"><h4 class=\"et_pb_module_header\">Cumplimiento del sistema de alarma contra incendios<\/h4><\/div><\/div>\n\n<div class=\"et_pb_text_2 et_pb_text et_pb_bg_layout_light et_pb_module et_flex_module\"><div class=\"et_pb_text_inner\"><p><span>Asesoramiento experto sobre las normas NFPA, la documentaci\u00f3n del sistema y la presentaci\u00f3n del dise\u00f1o.<\/span><\/p>\n<\/div><\/div>\n\n<ul class=\"et_pb_icon_list_1 et_pb_icon_list et_pb_module et_flex_module\">\n<li class=\"et_pb_icon_list_item_4 et_pb_icon_list_item et_pb_module et_flex_module\"><span class=\"et-pb-icon\">\uf058<\/span><div class=\"et_pb_icon_list_text\">Amplia experiencia en normas NFPA<\/div><\/li>\n\n<li class=\"et_pb_icon_list_item_5 et_pb_icon_list_item et_pb_module et_flex_module\"><span class=\"et-pb-icon\">\uf058<\/span><div class=\"et_pb_icon_list_text\">Revisi\u00f3n y optimizaci\u00f3n del dise\u00f1o del sistema<\/div><\/li>\n\n<li class=\"et_pb_icon_list_item_6 et_pb_icon_list_item et_pb_module et_flex_module\"><span class=\"et-pb-icon\">\uf058<\/span><div class=\"et_pb_icon_list_text\">Preparaci\u00f3n y presentaci\u00f3n de la documentaci\u00f3n<\/div><\/li>\n\n<li class=\"et_pb_icon_list_item_7 et_pb_icon_list_item et_pb_module et_flex_module\"><span class=\"et-pb-icon\">\uf058<\/span><div class=\"et_pb_icon_list_text\">Asistencia continua en materia de cumplimiento normativo y actualizaciones<\/div><\/li>\n<\/ul>\n<\/div>\n<\/div>\n<\/div>\n\n<div class=\"et_pb_section_4 et_pb_section et_section_regular et_flex_section\">\n<div class=\"et_pb_row_4 et_pb_row et_flex_row\">\n<div class=\"et_pb_column_6 et_pb_column et_flex_column et_pb_css_mix_blend_mode_passthrough et_flex_column_12_24 et_flex_column_12_24_tablet et_flex_column_24_24_phone\">\n<div class=\"et_pb_image_2 et_pb_image et_pb_module et_flex_module\"><span class=\"et_pb_image_wrap\"><img loading=\"lazy\" decoding=\"async\" src=\"https:\/\/www.expeditingsupportservices.com\/wp-content\/uploads\/2025\/12\/audit.jpg\" title=\"auditor\u00eda.\" width=\"510\" height=\"338\" srcset=\"https:\/\/www.expeditingsupportservices.com\/wp-content\/uploads\/2025\/12\/audit.jpg 510w, https:\/\/www.expeditingsupportservices.com\/wp-content\/uploads\/2025\/12\/audit-480x318.jpg 480w\" sizes=\"(min-width: 0px) and (max-width: 480px) 480px, (min-width: 481px) 510px, 100vw\" class=\"wp-image-274\" \/><\/span><\/div>\n<\/div>\n\n<div class=\"et_pb_column_7 et_pb_column et-last-child et_flex_column et_pb_css_mix_blend_mode_passthrough et_flex_column_12_24 et_flex_column_12_24_tablet et_flex_column_24_24_phone\">\n<div class=\"et_pb_heading_3 et_pb_heading et_pb_module et_flex_module\"><div class=\"et_pb_heading_container\"><h4 class=\"et_pb_module_header\">Pre-Inspections & Audits<\/h4><\/div><\/div>\n\n<div class=\"et_pb_text_3 et_pb_text et_pb_bg_layout_light et_pb_module et_flex_module\"><div class=\"et_pb_text_inner\"><p><span>Auditor\u00edas previas a la AHJ para identificar y resolver deficiencias, garantizando un proceso sin inconvenientes el d\u00eda de la inspecci\u00f3n.<\/span><\/p>\n<\/div><\/div>\n\n<ul class=\"et_pb_icon_list_2 et_pb_icon_list et_pb_module et_flex_module\">\n<li class=\"et_pb_icon_list_item_8 et_pb_icon_list_item et_pb_module et_flex_module\"><span class=\"et-pb-icon\">\uf058<\/span><div class=\"et_pb_icon_list_text\">Inspecciones simuladas exhaustivas antes de la revisi\u00f3n oficial por parte de la autoridad competente.<\/div><\/li>\n\n<li class=\"et_pb_icon_list_item_9 et_pb_icon_list_item et_pb_module et_flex_module\"><span class=\"et-pb-icon\">\uf058<\/span><div class=\"et_pb_icon_list_text\">Identificaci\u00f3n de todas las posibles deficiencias.<\/div><\/li>\n\n<li class=\"et_pb_icon_list_item_10 et_pb_icon_list_item et_pb_module et_flex_module\"><span class=\"et-pb-icon\">\uf058<\/span><div class=\"et_pb_icon_list_text\">Orientaci\u00f3n y apoyo para la adopci\u00f3n de medidas correctivas<\/div><\/li>\n\n<li class=\"et_pb_icon_list_item_11 et_pb_icon_list_item et_pb_module et_flex_module\"><span class=\"et-pb-icon\">\uf058<\/span><div class=\"et_pb_icon_list_text\">Preparaci\u00f3n con garant\u00eda de aprobado a la primera<\/div><\/li>\n<\/ul>\n<\/div>\n<\/div>\n<\/div>\n\n<div class=\"et_pb_section_5 et_pb_section et_section_regular et_flex_section\">\n<div class=\"et_pb_row_5 et_pb_row et_flex_row\">\n<div class=\"et_pb_column_8 et_pb_column et_flex_column et_pb_css_mix_blend_mode_passthrough et_flex_column_12_24 et_flex_column_12_24_tablet et_flex_column_24_24_phone\">\n<div class=\"et_pb_image_3 et_pb_image et_pb_module et_flex_module\"><span class=\"et_pb_image_wrap\"><img loading=\"lazy\" decoding=\"async\" src=\"https:\/\/www.expeditingsupportservices.com\/wp-content\/uploads\/2025\/12\/documents.jpg\" title=\"documentos\" width=\"510\" height=\"340\" srcset=\"https:\/\/www.expeditingsupportservices.com\/wp-content\/uploads\/2025\/12\/documents.jpg 510w, https:\/\/www.expeditingsupportservices.com\/wp-content\/uploads\/2025\/12\/documents-480x320.jpg 480w\" sizes=\"(min-width: 0px) and (max-width: 480px) 480px, (min-width: 481px) 510px, 100vw\" class=\"wp-image-278\" \/><\/span><\/div>\n<\/div>\n\n<div class=\"et_pb_column_9 et_pb_column et-last-child et_flex_column et_pb_css_mix_blend_mode_passthrough et_flex_column_12_24 et_flex_column_12_24_tablet et_flex_column_24_24_phone\">\n<div class=\"et_pb_heading_4 et_pb_heading et_pb_module et_flex_module\"><div class=\"et_pb_heading_container\"><h4 class=\"et_pb_module_header\">Documentation & Filing Management<\/h4><\/div><\/div>\n\n<div class=\"et_pb_text_4 et_pb_text et_pb_bg_layout_light et_pb_module et_flex_module\"><div class=\"et_pb_text_inner\"><p><span>Gesti\u00f3n de todos los formularios, la documentaci\u00f3n y el archivo necesarios para garantizar el pleno cumplimiento normativo.<\/span><\/p>\n<\/div><\/div>\n\n<ul class=\"et_pb_icon_list_3 et_pb_icon_list et_pb_module et_flex_module\">\n<li class=\"et_pb_icon_list_item_12 et_pb_icon_list_item et_pb_module et_flex_module\"><span class=\"et-pb-icon\">\uf058<\/span><div class=\"et_pb_icon_list_text\">Preparaci\u00f3n y organizaci\u00f3n completa de la documentaci\u00f3n.<\/div><\/li>\n\n<li class=\"et_pb_icon_list_item_13 et_pb_icon_list_item et_pb_module et_flex_module\"><span class=\"et-pb-icon\">\uf058<\/span><div class=\"et_pb_icon_list_text\">Archivo seguro para el cumplimiento normativo<\/div><\/li>\n\n<li class=\"et_pb_icon_list_item_14 et_pb_icon_list_item et_pb_module et_flex_module\"><span class=\"et-pb-icon\">\uf058<\/span><div class=\"et_pb_icon_list_text\">F\u00e1cil acceso a todos los registros del proyecto.<\/div><\/li>\n\n<li class=\"et_pb_icon_list_item_15 et_pb_icon_list_item et_pb_module et_flex_module\"><span class=\"et-pb-icon\">\uf058<\/span><div class=\"et_pb_icon_list_text\">Responsabilidad total y trazabilidad<\/div><\/li>\n<\/ul>\n<\/div>\n<\/div>\n<\/div>\n\n<div class=\"et_pb_section_6 et_pb_section et_section_regular et_flex_section\">\n<div class=\"et_pb_row_6 et_pb_row et_flex_row\">\n<div class=\"et_pb_column_10 et_pb_column et_flex_column et_pb_css_mix_blend_mode_passthrough et_flex_column_12_24 et_flex_column_12_24_tablet et_flex_column_24_24_phone\">\n<div class=\"et_pb_image_4 et_pb_image et_pb_module et_flex_module\"><span class=\"et_pb_image_wrap\"><img loading=\"lazy\" decoding=\"async\" src=\"https:\/\/www.expeditingsupportservices.com\/wp-content\/uploads\/2025\/12\/code-consult.jpg\" title=\"consultar c\u00f3digo\" width=\"510\" height=\"340\" srcset=\"https:\/\/www.expeditingsupportservices.com\/wp-content\/uploads\/2025\/12\/code-consult.jpg 510w, https:\/\/www.expeditingsupportservices.com\/wp-content\/uploads\/2025\/12\/code-consult-480x320.jpg 480w\" sizes=\"(min-width: 0px) and (max-width: 480px) 480px, (min-width: 481px) 510px, 100vw\" class=\"wp-image-280\" \/><\/span><\/div>\n<\/div>\n\n<div class=\"et_pb_column_11 et_pb_column et-last-child et_flex_column et_pb_css_mix_blend_mode_passthrough et_flex_column_12_24 et_flex_column_12_24_tablet et_flex_column_24_24_phone\">\n<div class=\"et_pb_heading_5 et_pb_heading et_pb_module et_flex_module\"><div class=\"et_pb_heading_container\"><h4 class=\"et_pb_module_header\">Consultor\u00eda de c\u00f3digo de proyecto<\/h4><\/div><\/div>\n\n<div class=\"et_pb_text_5 et_pb_text et_pb_bg_layout_light et_pb_module et_flex_module\"><div class=\"et_pb_text_inner\"><p><span>Revisi\u00f3n inicial del plan y diligencia debida para garantizar el cumplimiento de la normativa desde la fase de dise\u00f1o.<\/span><\/p>\n<\/div><\/div>\n\n<ul class=\"et_pb_icon_list_4 et_pb_icon_list et_pb_module et_flex_module\">\n<li class=\"et_pb_icon_list_item_16 et_pb_icon_list_item et_pb_module et_flex_module\"><span class=\"et-pb-icon\">\uf058<\/span><div class=\"et_pb_icon_list_text\">Revisi\u00f3n del c\u00f3digo en la fase inicial del dise\u00f1o<\/div><\/li>\n\n<li class=\"et_pb_icon_list_item_17 et_pb_icon_list_item et_pb_module et_flex_module\"><span class=\"et-pb-icon\">\uf058<\/span><div class=\"et_pb_icon_list_text\">Identificaci\u00f3n de problemas de cumplimiento antes de la construcci\u00f3n.<\/div><\/li>\n\n<li class=\"et_pb_icon_list_item_18 et_pb_icon_list_item et_pb_module et_flex_module\"><span class=\"et-pb-icon\">\uf058<\/span><div class=\"et_pb_icon_list_text\">Recomendaciones para ahorrar costos<\/div><\/li>\n\n<li class=\"et_pb_icon_list_item_19 et_pb_icon_list_item et_pb_module et_flex_module\"><span class=\"et-pb-icon\">\uf058<\/span><div class=\"et_pb_icon_list_text\">Asesoramiento experto sobre requisitos de c\u00f3digo complejos<\/div><\/li>\n<\/ul>\n<\/div>\n<\/div>\n<\/div>\n\n<div class=\"et_pb_section_7 et_pb_section et_section_regular et_flex_section\">\n<div class=\"et_pb_row_7 et_pb_row et_flex_row\">\n<div class=\"et_pb_column_12 et_pb_column et_flex_column et_pb_css_mix_blend_mode_passthrough et_flex_column_12_24 et_flex_column_12_24_tablet et_flex_column_24_24_phone\">\n<div class=\"et_pb_image_5 et_pb_image et_pb_module et_flex_module\"><span class=\"et_pb_image_wrap\"><img loading=\"lazy\" decoding=\"async\" src=\"https:\/\/www.expeditingsupportservices.com\/wp-content\/uploads\/2025\/12\/compliance.jpg\" title=\"cumplimiento\" width=\"510\" height=\"340\" srcset=\"https:\/\/www.expeditingsupportservices.com\/wp-content\/uploads\/2025\/12\/compliance.jpg 510w, https:\/\/www.expeditingsupportservices.com\/wp-content\/uploads\/2025\/12\/compliance-480x320.jpg 480w\" sizes=\"(min-width: 0px) and (max-width: 480px) 480px, (min-width: 481px) 510px, 100vw\" class=\"wp-image-290\" \/><\/span><\/div>\n<\/div>\n\n<div class=\"et_pb_column_13 et_pb_column et-last-child et_flex_column et_pb_css_mix_blend_mode_passthrough et_flex_column_12_24 et_flex_column_12_24_tablet et_flex_column_24_24_phone\">\n<div class=\"et_pb_heading_6 et_pb_heading et_pb_module et_flex_module\"><div class=\"et_pb_heading_container\"><h4 class=\"et_pb_module_header\">Supervisi\u00f3n de la instalaci\u00f3n<\/h4><\/div><\/div>\n\n<div class=\"et_pb_text_6 et_pb_text et_pb_bg_layout_light et_pb_module et_flex_module\"><div class=\"et_pb_text_inner\"><p><span>Garantizar que todos los procesos de instalaci\u00f3n cumplan con las especificaciones exactas requeridas para la aceptaci\u00f3n final.<\/span><\/p>\n<\/div><\/div>\n\n<ul class=\"et_pb_icon_list_5 et_pb_icon_list et_pb_module et_flex_module\">\n<li class=\"et_pb_icon_list_item_20 et_pb_icon_list_item et_pb_module et_flex_module\"><span class=\"et-pb-icon\">\uf058<\/span><div class=\"et_pb_icon_list_text\">Monitoreo de la instalaci\u00f3n en el lugar<\/div><\/li>\n\n<li class=\"et_pb_icon_list_item_21 et_pb_icon_list_item et_pb_module et_flex_module\"><span class=\"et-pb-icon\">\uf058<\/span><div class=\"et_pb_icon_list_text\">Verificaci\u00f3n del cumplimiento de las especificaciones<\/div><\/li>\n\n<li class=\"et_pb_icon_list_item_22 et_pb_icon_list_item et_pb_module et_flex_module\"><span class=\"et-pb-icon\">\uf058<\/span><div class=\"et_pb_icon_list_text\">Garant\u00eda de calidad durante toda la instalaci\u00f3n<\/div><\/li>\n\n<li class=\"et_pb_icon_list_item_23 et_pb_icon_list_item et_pb_module et_flex_module\"><span class=\"et-pb-icon\">\uf058<\/span><div class=\"et_pb_icon_list_text\">Preparaci\u00f3n para la aceptaci\u00f3n final<\/div><\/li>\n<\/ul>\n<\/div>\n<\/div>\n<\/div>\n\n<div class=\"et_pb_section_8 et_pb_section et_section_regular et_flex_section\">\n<div class=\"et_pb_row_8 et_pb_row et_flex_row\">\n<div class=\"et_pb_column_14 et_pb_column et-last-child et_flex_column et_pb_css_mix_blend_mode_passthrough et_flex_column_24_24 et_flex_column_24_24_tablet et_flex_column_24_24_phone\">\n<div class=\"et_pb_heading_7 et_pb_heading et_pb_module et_flex_module\"><div class=\"et_pb_heading_container\"><h5 class=\"et_pb_module_header\">cumplir con las especificaciones exactas requeridas<\/h5><\/div><\/div>\n\n<div class=\"et_pb_heading_8 et_pb_heading et_pb_module et_flex_module et_flex_column_16_24 et_flex_column_16_24_tablet et_flex_column_16_24_phone\"><div class=\"et_pb_heading_container\"><h3 class=\"et_pb_module_header\">\u00bfListo para resolver sus retos de cumplimiento m\u00e1s dif\u00edciles?<\/h3><\/div><\/div>\n\n<div class=\"et_pb_text_7 et_pb_text et_pb_bg_layout_light et_pb_module et_flex_module\"><div class=\"et_pb_text_inner\"><p><span>Let's discuss how we can expedite your project and ensure full compliance.<\/span><\/p>\n<\/div><\/div>\n\n<div class=\"et_pb_module et_pb_button_module_wrapper et_pb_button_0_wrapper\"><a class=\"et_pb_button_0 et_pb_button et_pb_bg_layout_light et_pb_module et_flex_module\" href=\"https:\/\/www.expeditingsupportservices.com\/es\/contact\/\">Cont\u00e1ctenos hoy<\/a><\/div>\n<\/div>\n<\/div>\n<\/div>","protected":false},"excerpt":{"rendered":"","protected":false},"author":1,"featured_media":0,"parent":0,"menu_order":0,"comment_status":"closed","ping_status":"closed","template":"","meta":{"footnotes":""},"class_list":["post-21","page","type-page","status-publish","hentry"],"_links":{"self":[{"href":"https:\/\/www.expeditingsupportservices.com\/es\/wp-json\/wp\/v2\/pages\/21","targetHints":{"allow":["GET"]}}],"collection":[{"href":"https:\/\/www.expeditingsupportservices.com\/es\/wp-json\/wp\/v2\/pages"}],"about":[{"href":"https:\/\/www.expeditingsupportservices.com\/es\/wp-json\/wp\/v2\/types\/page"}],"author":[{"embeddable":true,"href":"https:\/\/www.expeditingsupportservices.com\/es\/wp-json\/wp\/v2\/users\/1"}],"replies":[{"embeddable":true,"href":"https:\/\/www.expeditingsupportservices.com\/es\/wp-json\/wp\/v2\/comments?post=21"}],"version-history":[{"count":37,"href":"https:\/\/www.expeditingsupportservices.com\/es\/wp-json\/wp\/v2\/pages\/21\/revisions"}],"predecessor-version":[{"id":339,"href":"https:\/\/www.expeditingsupportservices.com\/es\/wp-json\/wp\/v2\/pages\/21\/revisions\/339"}],"wp:attachment":[{"href":"https:\/\/www.expeditingsupportservices.com\/es\/wp-json\/wp\/v2\/media?parent=21"}],"curies":[{"name":"wp","href":"https:\/\/api.w.org\/{rel}","templated":true}]}}