{"id":18,"date":"2025-12-19T15:49:01","date_gmt":"2025-12-19T15:49:01","guid":{"rendered":"https:\/\/www.expeditingsupportservices.com\/?page_id=18"},"modified":"2026-03-16T14:38:35","modified_gmt":"2026-03-16T14:38:35","slug":"about","status":"publish","type":"page","link":"https:\/\/www.expeditingsupportservices.com\/es\/about\/","title":{"rendered":"Acerca de Expediting Support Services"},"content":{"rendered":"<div class=\"et_pb_section_0 et_pb_section et_section_regular et_flex_section\">\n<div class=\"et_pb_row_0 et_pb_row et_flex_row\">\n<div class=\"et_pb_column_0 et_pb_column et-last-child et_flex_column et_pb_css_mix_blend_mode_passthrough et_flex_column_24_24 et_flex_column_24_24_tablet et_flex_column_24_24_phone\">\n<div class=\"et_pb_heading_0 et_pb_heading et_pb_module et_flex_module\"><div class=\"et_pb_heading_container\"><h2 class=\"et_pb_module_header\">Acerca de Expediting Support Services<\/h2><\/div><\/div>\n<\/div>\n<\/div>\n<\/div>\n\n<div class=\"et_pb_section_1 et_pb_section et_section_regular et_flex_section\">\n<div class=\"et_pb_row_1 et_pb_row et_flex_row\">\n<div class=\"et_pb_column_1 et_pb_column et-last-child et_flex_column et_pb_css_mix_blend_mode_passthrough et_flex_column_24_24 et_flex_column_24_24_tablet et_flex_column_24_24_phone\">\n<div class=\"et_pb_heading_1 et_pb_heading et_pb_module et_flex_module\"><div class=\"et_pb_heading_container\"><h5 class=\"et_pb_module_header\">Nuestra historia<\/h5><\/div><\/div>\n\n<div class=\"et_pb_row_2 et_pb_row et_pb_row_nested et_flex_row\">\n<div class=\"et_pb_column_2 et_pb_column et-last-child et_flex_column et_pb_css_mix_blend_mode_passthrough et_flex_column_24_24 et_flex_column_24_24_tablet et_flex_column_24_24_phone\">\n<div class=\"et_pb_heading_2 et_pb_heading et_pb_module et_flex_module\"><div class=\"et_pb_heading_container\"><h3 class=\"et_pb_module_header\">Expertos en c\u00f3digo que eliminan la complejidad burocr\u00e1tica<\/h3><\/div><\/div>\n<\/div>\n<\/div>\n<\/div>\n<\/div>\n\n<div class=\"et_pb_row_3 et_pb_row et_flex_row\">\n<div class=\"et_pb_column_3 et_pb_column et_flex_column et_pb_css_mix_blend_mode_passthrough et_flex_column_6_24 et_flex_column_6_24_tablet et_flex_column_24_24_phone\">\n<div class=\"et_pb_group_0 et_pb_group et-last-child et_pb_module et_flex_group et_pb_css_mix_blend_mode_passthrough\">\n<div class=\"et_pb_image_0 et_pb_image et_pb_module et_flex_module\"><span class=\"et_pb_image_wrap\"><img loading=\"lazy\" decoding=\"async\" src=\"https:\/\/www.expeditingsupportservices.com\/wp-content\/uploads\/2025\/12\/wanda.png\" title=\"wanda\" width=\"513\" height=\"517\" srcset=\"https:\/\/www.expeditingsupportservices.com\/wp-content\/uploads\/2025\/12\/wanda.png 513w, https:\/\/www.expeditingsupportservices.com\/wp-content\/uploads\/2025\/12\/wanda-480x484.png 480w\" sizes=\"(min-width: 0px) and (max-width: 480px) 480px, (min-width: 481px) 513px, 100vw\" class=\"wp-image-184\" \/><\/span><\/div>\n<\/div>\n<\/div>\n\n<div class=\"et_pb_column_4 et_pb_column et-last-child et_flex_column et_pb_css_mix_blend_mode_passthrough et_flex_column_16_24 et_flex_column_16_24_tablet et_flex_column_24_24_phone\">\n<div class=\"et_pb_text_0 et_pb_text et_pb_bg_layout_light et_pb_module et_flex_module\"><div class=\"et_pb_text_inner\"><p class=\"text-lg text-slate-800 italic\">\u201cMy mission is to ensure every client experiences the peace of mind that comes from knowing their project is in expert hands. Compliance doesn't have to be complicated.\u201d<\/p>\n<p class=\"text-base text-slate-600 mt-2 font-semibold\">\u2014 <strong>Wanda Nazar, fundadora y presidenta<\/strong><\/p>\n<\/div><\/div>\n<\/div>\n<\/div>\n\n<div class=\"et_pb_row_4 et_pb_row et_flex_row\">\n<div class=\"et_pb_column_5 et_pb_column et-last-child et_flex_column et_pb_css_mix_blend_mode_passthrough et_flex_column_24_24 et_flex_column_24_24_tablet et_flex_column_24_24_phone\">\n<div class=\"et_pb_text_1 et_pb_text et_pb_bg_layout_light et_pb_module et_flex_module\"><div class=\"et_pb_text_inner\"><p class=\"translation-block\">Expediting Support Services fue fundada en junio de 2018 por Wanda Nazar, su fundadora y presidenta. Con la visi\u00f3n de simplificar el complejo mundo del cumplimiento de la seguridad contra incendios y la tramitaci\u00f3n de tr\u00e1mites municipales, nuestra empresa se construy\u00f3 sobre una base de experiencia y dedicaci\u00f3n.<\/p>\n<p>Wanda cuenta con m\u00e1s de 20 a\u00f1os de experiencia en el sector de las alarmas contra incendios, trabajando en estrecha colaboraci\u00f3n con el Departamento de Bomberos de la ciudad de Nueva York como expedidora. Su profundo conocimiento de los procesos normativos, junto con las relaciones establecidas con los organismos municipales, nos permite sortear las complejidades burocr\u00e1ticas con una eficiencia sin igual.<\/p>\n<p>Actualmente trabaja como consultora de protecci\u00f3n contra incendios en Nueva York, Wanda Nazar es conocida en todo el sector por ofrecer a cada distribuidor de alarmas y profesional de la construcci\u00f3n el m\u00e1s alto nivel de atenci\u00f3n y servicio personalizados. Este compromiso con la atenci\u00f3n individualizada ha sido la piedra angular de nuestro \u00e9xito y sigue definiendo nuestra forma de trabajar con cada cliente.<\/p>\n<p>Nuestro compromiso es mantener este nivel de atenci\u00f3n personalizada en todos y cada uno de los proyectos, garantizando que nuestros clientes no solo reciban un servicio experto, sino tambi\u00e9n una verdadera colaboraci\u00f3n para alcanzar sus objetivos de cumplimiento normativo y aprobaci\u00f3n.<\/p>\n<\/div><\/div>\n<\/div>\n<\/div>\n<\/div>\n\n<div class=\"et_pb_section_2 et_pb_section et_section_regular et_flex_section\">\n<div class=\"et_pb_row_5 et_pb_row et_flex_row\">\n<div class=\"et_pb_column_6 et_pb_column et-last-child et_flex_column et_pb_css_mix_blend_mode_passthrough et_flex_column_24_24 et_flex_column_24_24_tablet et_flex_column_24_24_phone\">\n<div class=\"et_pb_heading_3 et_pb_heading et_pb_module et_flex_module\"><div class=\"et_pb_heading_container\"><h5 class=\"et_pb_module_header\">Comprometidos con su \u00e9xito<\/h5><\/div><\/div>\n\n<div class=\"et_pb_heading_4 et_pb_heading et_pb_module et_flex_module\"><div class=\"et_pb_heading_container\"><h3 class=\"et_pb_module_header\">Lo que nos distingue de los dem\u00e1s<\/h3><\/div><\/div>\n<\/div>\n<\/div>\n\n<div class=\"et_pb_row_6 et_pb_row et_flex_row\">\n<div class=\"et_pb_column_7 et_pb_column et_flex_column et_pb_css_mix_blend_mode_passthrough et_flex_column_12_24 et_flex_column_12_24_tablet et_flex_column_24_24_phone\">\n<div class=\"et_pb_image_1 et_pb_image et_pb_module et_flex_module\"><span class=\"et_pb_image_wrap\"><img loading=\"lazy\" decoding=\"async\" src=\"https:\/\/www.expeditingsupportservices.com\/wp-content\/uploads\/2025\/12\/firealarm.jpg\" title=\"alarma contra incendios\" width=\"510\" height=\"329\" srcset=\"https:\/\/www.expeditingsupportservices.com\/wp-content\/uploads\/2025\/12\/firealarm.jpg 510w, https:\/\/www.expeditingsupportservices.com\/wp-content\/uploads\/2025\/12\/firealarm-480x310.jpg 480w\" sizes=\"(min-width: 0px) and (max-width: 480px) 480px, (min-width: 481px) 510px, 100vw\" class=\"wp-image-189\" \/><\/span><\/div>\n<\/div>\n\n<div class=\"et_pb_column_8 et_pb_column et-last-child et_flex_column et_pb_css_mix_blend_mode_passthrough et_flex_column_12_24 et_flex_column_12_24_tablet et_flex_column_24_24_phone\">\n<div class=\"et_pb_blurb_0 et_pb_blurb et_pb_bg_layout_light et_pb_blurb_position_left et_pb_module et_flex_module\"><div class=\"et_pb_blurb_content et_flex_module\"><div class=\"et_pb_main_blurb_image\"><span class=\"et_pb_image_wrap\"><span class=\"et-pb-icon et-waypoint et_pb_animation_top et_pb_animation_top_tablet et_pb_animation_top_phone\">\uf005<\/span><\/span><\/div><div class=\"et_pb_blurb_container\"><h5 class=\"et_pb_module_header\">Experiencia<\/h5><div class=\"et_pb_blurb_description\"><p><span>M\u00e1s de 20 a\u00f1os de experiencia especializada en el sector de las alarmas contra incendios y en la tramitaci\u00f3n de permisos del Departamento de Edificaci\u00f3n de la ciudad de Nueva York.<\/span><\/p>\n<\/div><\/div><\/div><\/div>\n\n<div class=\"et_pb_blurb_1 et_pb_blurb et_pb_bg_layout_light et_pb_blurb_position_left et_pb_module et_flex_module\"><div class=\"et_pb_blurb_content et_flex_module\"><div class=\"et_pb_main_blurb_image\"><span class=\"et_pb_image_wrap et_pb_only_image_mode_wrap\"><img loading=\"lazy\" decoding=\"async\" src=\"https:\/\/www.expeditingsupportservices.com\/wp-content\/uploads\/2025\/12\/handhake.png\" width=\"150\" height=\"106\" srcset=\"https:\/\/www.expeditingsupportservices.com\/wp-content\/uploads\/2025\/12\/handhake.png 150w\" sizes=\"(max-width: 150px) 100vw, 150px\" class=\"et-waypoint et_pb_animation_top et_pb_animation_top_tablet et_pb_animation_top_phone wp-image-192\" title=\"apret\u00f3n de manos\" \/><\/span><\/div><div class=\"et_pb_blurb_container\"><h5 class=\"et_pb_module_header\">Servicio personalizado<\/h5><div class=\"et_pb_blurb_description\"><p><span>El m\u00e1s alto nivel de atenci\u00f3n y servicio personalizado para cada cliente y proyecto.<\/span><\/p>\n<\/div><\/div><\/div><\/div>\n\n<div class=\"et_pb_blurb_2 et_pb_blurb et_pb_bg_layout_light et_pb_blurb_position_left et_pb_module et_flex_module\"><div class=\"et_pb_blurb_content et_flex_module\"><div class=\"et_pb_main_blurb_image\"><span class=\"et_pb_image_wrap\"><span class=\"et-pb-icon et-waypoint et_pb_animation_top et_pb_animation_top_tablet et_pb_animation_top_phone\">\ue0f5<\/span><\/span><\/div><div class=\"et_pb_blurb_container\"><h5 class=\"et_pb_module_header\">Precisi\u00f3n<\/h5><div class=\"et_pb_blurb_description\"><p><span>Presentaciones sin defectos gracias a una meticulosa atenci\u00f3n al detalle y al conocimiento de las normas de cumplimiento.<\/span><\/p>\n<\/div><\/div><\/div><\/div>\n\n<div class=\"et_pb_blurb_3 et_pb_blurb et_pb_bg_layout_light et_pb_blurb_position_left et_pb_module et_flex_module\"><div class=\"et_pb_blurb_content et_flex_module\"><div class=\"et_pb_main_blurb_image\"><span class=\"et_pb_image_wrap\"><span class=\"et-pb-icon et-waypoint et_pb_animation_top et_pb_animation_top_tablet et_pb_animation_top_phone\">\ue038<\/span><\/span><\/div><div class=\"et_pb_blurb_container\"><h5 class=\"et_pb_module_header\">Eficiencia<\/h5><div class=\"et_pb_blurb_description\"><p><span>Aprobaciones r\u00e1pidas gracias a relaciones consolidadas y procesos optimizados.<\/span><\/p>\n<\/div><\/div><\/div><\/div>\n<\/div>\n<\/div>\n<\/div>\n\n<div class=\"et_pb_section_3 et_pb_section et_section_regular et_flex_section\">\n<div class=\"et_pb_row_7 et_pb_row et_flex_row\">\n<div class=\"et_pb_column_9 et_pb_column et-last-child et_flex_column et_pb_css_mix_blend_mode_passthrough et_flex_column_24_24 et_flex_column_24_24_tablet et_flex_column_24_24_phone\">\n<div class=\"et_pb_heading_5 et_pb_heading et_pb_module et_flex_module\"><div class=\"et_pb_heading_container\"><h5 class=\"et_pb_module_header\">As\u00f3ciese con una empresa con experiencia en la que puede confiar<\/h5><\/div><\/div>\n\n<div class=\"et_pb_heading_6 et_pb_heading et_pb_module et_flex_module et_flex_column_16_24 et_flex_column_16_24_tablet et_flex_column_16_24_phone\"><div class=\"et_pb_heading_container\"><h3 class=\"et_pb_module_header\">Let's Discuss How Our Expertise Can Benefit Your Next Project<\/h3><\/div><\/div>\n\n<div class=\"et_pb_text_2 et_pb_text et_pb_bg_layout_light et_pb_module et_flex_module\"><div class=\"et_pb_text_inner\"><p><span>Contamos con una s\u00f3lida y actualizada experiencia en los procesos normativos de los principales municipios y autoridades estatales competentes (AHJ) del \u00e1rea metropolitana de la ciudad de Nueva York.<\/span><\/p>\n<\/div><\/div>\n\n<div class=\"et_pb_module et_pb_button_module_wrapper et_pb_button_0_wrapper\"><a class=\"et_pb_button_0 et_pb_button et_pb_bg_layout_light et_pb_module et_flex_module\" href=\"https:\/\/www.expeditingsupportservices.com\/es\/contact\/\">Cont\u00e1ctenos<\/a><\/div>\n<\/div>\n<\/div>\n<\/div>","protected":false},"excerpt":{"rendered":"","protected":false},"author":1,"featured_media":0,"parent":0,"menu_order":0,"comment_status":"closed","ping_status":"closed","template":"","meta":{"footnotes":""},"class_list":["post-18","page","type-page","status-publish","hentry"],"_links":{"self":[{"href":"https:\/\/www.expeditingsupportservices.com\/es\/wp-json\/wp\/v2\/pages\/18","targetHints":{"allow":["GET"]}}],"collection":[{"href":"https:\/\/www.expeditingsupportservices.com\/es\/wp-json\/wp\/v2\/pages"}],"about":[{"href":"https:\/\/www.expeditingsupportservices.com\/es\/wp-json\/wp\/v2\/types\/page"}],"author":[{"embeddable":true,"href":"https:\/\/www.expeditingsupportservices.com\/es\/wp-json\/wp\/v2\/users\/1"}],"replies":[{"embeddable":true,"href":"https:\/\/www.expeditingsupportservices.com\/es\/wp-json\/wp\/v2\/comments?post=18"}],"version-history":[{"count":31,"href":"https:\/\/www.expeditingsupportservices.com\/es\/wp-json\/wp\/v2\/pages\/18\/revisions"}],"predecessor-version":[{"id":338,"href":"https:\/\/www.expeditingsupportservices.com\/es\/wp-json\/wp\/v2\/pages\/18\/revisions\/338"}],"wp:attachment":[{"href":"https:\/\/www.expeditingsupportservices.com\/es\/wp-json\/wp\/v2\/media?parent=18"}],"curies":[{"name":"wp","href":"https:\/\/api.w.org\/{rel}","templated":true}]}}