{"id":13,"date":"2025-12-18T17:44:10","date_gmt":"2025-12-18T17:44:10","guid":{"rendered":"https:\/\/www.expeditingsupportservices.com\/?page_id=13"},"modified":"2026-03-16T11:43:03","modified_gmt":"2026-03-16T11:43:03","slug":"home","status":"publish","type":"page","link":"https:\/\/www.expeditingsupportservices.com\/es\/","title":{"rendered":"Inicio"},"content":{"rendered":"<div class=\"et_pb_section_0 et_pb_section et_section_regular et_flex_section\">\n<div class=\"et_pb_row_0 et_pb_row et_flex_row\">\n<div class=\"et_pb_column_0 et_pb_column et-last-child et_flex_column et_pb_css_mix_blend_mode_passthrough et_flex_column_24_24 et_flex_column_24_24_tablet et_flex_column_24_24_phone\">\n<div class=\"et_pb_heading_0 et_pb_heading et_pb_module et_flex_module\"><div class=\"et_pb_heading_container\"><h5 class=\"et_pb_module_header\">Detenga los retrasos en los proyectos<\/h5><\/div><\/div>\n\n<div class=\"et_pb_heading_1 et_pb_heading et_pb_module et_flex_module\"><div class=\"et_pb_heading_container\"><h1 class=\"et_pb_module_header\">Cumplimiento de las normas contra incendios de NYC y presentaci\u00f3n r\u00e1pida de documentos ante el DOB <\/h1><\/div><\/div>\n\n<div class=\"et_pb_text_0 et_pb_text et_pb_bg_layout_light et_pb_module et_flex_module\"><div class=\"et_pb_text_inner\"><p><span>Somos expertos en normativa y simplificamos los tr\u00e1mites burocr\u00e1ticos. Expediting Support Services gestiona todos los tr\u00e1mites relacionados con incendios, seguridad y el Departamento de Edificios (DOB) para que obtenga sus autorizaciones r\u00e1pidamente.<\/span><\/p>\n<\/div><\/div>\n<\/div>\n<\/div>\n\n<div class=\"et_pb_row_1 et_pb_row et_flex_row\">\n<div class=\"et_pb_column_1 et_pb_column et-last-child et_flex_column et_pb_css_mix_blend_mode_passthrough et_flex_column_24_24 et_flex_column_24_24_tablet et_flex_column_24_24_phone\">\n<div class=\"et_pb_group_0 et_pb_group et-last-child et_pb_module et_flex_group et_pb_css_mix_blend_mode_passthrough\">\n<div class=\"et_pb_module et_pb_button_module_wrapper et_pb_button_0_wrapper preset--module--divi-button--wv11ilwiv6_wrapper\"><a class=\"et_pb_button_0 et_pb_button et_pb_bg_layout_light et_pb_module et_flex_module preset--module--divi-button--wv11ilwiv6\" href=\"https:\/\/www.expeditingsupportservices.com\/es\/contact\/\">Solicitar consulta<\/a><\/div>\n\n<div class=\"et_pb_module et_pb_button_module_wrapper et_pb_button_1_wrapper\"><a class=\"et_pb_button_1 et_pb_button et_pb_bg_layout_light et_pb_module et_flex_module\" href=\"https:\/\/www.expeditingsupportservices.com\/es\/services\/\">Vea nuestros servicios<\/a><\/div>\n<\/div>\n<\/div>\n<\/div>\n<\/div>\n\n<div class=\"et_pb_section_1 et_pb_section et_section_regular et_flex_section\">\n<div class=\"et_pb_row_2 et_pb_row et_flex_row\">\n<div class=\"et_pb_column_2 et_pb_column et-last-child et_flex_column et_pb_css_mix_blend_mode_passthrough et_flex_column_24_24 et_flex_column_24_24_tablet et_flex_column_24_24_phone\">\n<div class=\"et_pb_group_1 et_pb_group et_pb_module et_flex_group et_pb_css_mix_blend_mode_passthrough\">\n<div class=\"et_pb_heading_2 et_pb_heading et_pb_module et_flex_module\"><div class=\"et_pb_heading_container\"><h5 class=\"et_pb_module_header\">m\u00e1s all\u00e1 de las instalaciones<\/h5><\/div><\/div>\n\n<div class=\"et_pb_heading_3 et_pb_heading et_pb_module et_flex_module\"><div class=\"et_pb_heading_container\"><h2 class=\"et_pb_module_header\">Your Project's Path to Compliance<\/h2><\/div><\/div>\n<\/div>\n\n<div class=\"et_pb_text_1 et_pb_text et_pb_bg_layout_light et_pb_module et_flex_module\"><div class=\"et_pb_text_inner\"><p><span>Nos enfocamos exclusivamente en los pasos administrativos y t\u00e9cnicos cr\u00edticos para sus proyectos.<\/span><\/p>\n<\/div><\/div>\n<\/div>\n<\/div>\n\n<div class=\"et_pb_row_3 et_pb_row et_flex_row\">\n<div class=\"et_pb_column_3 et_pb_column et_flex_column et_pb_css_mix_blend_mode_passthrough et_flex_column_8_24 et_flex_column_8_24_tablet et_flex_column_24_24_phone\">\n<div class=\"et_pb_blurb_0 et_pb_blurb et_pb_bg_layout_light et_pb_blurb_position_top et_pb_module et_flex_module\"><div class=\"et_pb_blurb_content et_flex_module\"><div class=\"et_pb_main_blurb_image\"><span class=\"et_pb_image_wrap\"><span class=\"et-pb-icon et-waypoint et_pb_animation_top et_pb_animation_top_tablet et_pb_animation_top_phone\">\uf3ed<\/span><\/span><\/div><div class=\"et_pb_blurb_container\"><h5 class=\"et_pb_module_header\">Velocidad inigualable<\/h5><div class=\"et_pb_blurb_description\"><p><span>D\u00e9cadas de experiencia en los tr\u00e1mites del Departamento de Edificaci\u00f3n de NYC y las autoridades regionales competentes (AHJ) para agilizar las aprobaciones y reducir los costos.<\/span><\/p>\n<\/div><\/div><\/div><\/div>\n<\/div>\n\n<div class=\"et_pb_column_4 et_pb_column et_flex_column et_pb_css_mix_blend_mode_passthrough et_flex_column_8_24 et_flex_column_8_24_tablet et_flex_column_24_24_phone\">\n<div class=\"et_pb_blurb_1 et_pb_blurb et_pb_bg_layout_light et_pb_blurb_position_top et_pb_module et_flex_module\"><div class=\"et_pb_blurb_content et_flex_module\"><div class=\"et_pb_main_blurb_image\"><span class=\"et_pb_image_wrap\"><span class=\"et-pb-icon et-waypoint et_pb_animation_top et_pb_animation_top_tablet et_pb_animation_top_phone\">\ue0f7<\/span><\/span><\/div><div class=\"et_pb_blurb_container\"><h5 class=\"et_pb_module_header\">Aprobar a la primera vez<\/h5><div class=\"et_pb_blurb_description\"><p><span>Eliminamos las conjeturas sobre el cumplimiento normativo. Nuestras inspecciones previas garantizan que aprobar\u00e1s a la primera, siempre.<\/span><\/p>\n<\/div><\/div><\/div><\/div>\n<\/div>\n\n<div class=\"et_pb_column_5 et_pb_column et-last-child et_flex_column et_pb_css_mix_blend_mode_passthrough et_flex_column_8_24 et_flex_column_8_24_tablet et_flex_column_24_24_phone\">\n<div class=\"et_pb_blurb_2 et_pb_blurb et_pb_bg_layout_light et_pb_blurb_position_top et_pb_module et_flex_module\"><div class=\"et_pb_blurb_content et_flex_module\"><div class=\"et_pb_main_blurb_image\"><span class=\"et_pb_image_wrap\"><span class=\"et-pb-icon et-waypoint et_pb_animation_top et_pb_animation_top_tablet et_pb_animation_top_phone\">\uf0c0<\/span><\/span><\/div><div class=\"et_pb_blurb_container\"><h5 class=\"et_pb_module_header\">Dominio local<\/h5><div class=\"et_pb_blurb_description\"><p><span>Tenemos relaciones s\u00f3lidas y un conocimiento actualizado de todos los c\u00f3digos del \u00e1rea metropolitana de Nueva York.<\/span><\/p>\n<\/div><\/div><\/div><\/div>\n<\/div>\n<\/div>\n<\/div>\n\n<div class=\"et_pb_section_2 et_pb_section et_section_regular et_flex_section\">\n<div class=\"et_pb_row_4 et_pb_row et_flex_row\">\n<div class=\"et_pb_column_6 et_pb_column et-last-child et_flex_column et_pb_css_mix_blend_mode_passthrough et_flex_column_24_24 et_flex_column_24_24_tablet et_flex_column_24_24_phone\">\n<div class=\"et_pb_heading_4 et_pb_heading et_pb_module et_flex_module\"><div class=\"et_pb_heading_container\"><h3 class=\"et_pb_module_header\">Con qui\u00e9nes colaboramos<\/h3><\/div><\/div>\n<\/div>\n<\/div>\n\n<div class=\"et_pb_row_5 et_pb_row et_flex_row\">\n<div class=\"et_pb_column_7 et_pb_column et_flex_column et_pb_css_mix_blend_mode_passthrough et_flex_column_8_24 et_flex_column_8_24_tablet et_flex_column_24_24_phone\">\n<div class=\"et_pb_text_2 et_pb_text et_pb_bg_layout_light et_pb_module et_flex_module\"><div class=\"et_pb_text_inner\"><p>Propietarios y administradores de inmuebles comerciales<\/p>\n<\/div><\/div>\n<\/div>\n\n<div class=\"et_pb_column_8 et_pb_column et_flex_column et_pb_css_mix_blend_mode_passthrough et_flex_column_8_24 et_flex_column_8_24_tablet et_flex_column_24_24_phone\">\n<div class=\"et_pb_text_3 et_pb_text et_pb_bg_layout_light et_pb_module et_flex_module\"><div class=\"et_pb_text_inner\"><p><span>Contratistas generales y empresas constructoras<\/span><\/p>\n<\/div><\/div>\n<\/div>\n\n<div class=\"et_pb_column_9 et_pb_column et-last-child et_flex_column et_pb_css_mix_blend_mode_passthrough et_flex_column_8_24 et_flex_column_8_24_tablet et_flex_column_24_24_phone\">\n<div class=\"et_pb_text_4 et_pb_text et_pb_bg_layout_light et_pb_module et_flex_module\"><div class=\"et_pb_text_inner\"><p><span>Ingenieros de instalaciones (escuelas, hospitales, etc.)<br \/><\/span><span><\/span><\/p>\n<\/div><\/div>\n<\/div>\n<\/div>\n\n<div class=\"et_pb_row_6 et_pb_row et_flex_row\">\n<div class=\"et_pb_column_10 et_pb_column et_flex_column et_pb_css_mix_blend_mode_passthrough et_flex_column_8_24 et_flex_column_8_24_tablet et_flex_column_24_24_phone\">\n<div class=\"et_pb_text_5 et_pb_text et_pb_bg_layout_light et_pb_module et_flex_module\"><div class=\"et_pb_text_inner\"><p><span>Promotores inmobiliarios comerciales<\/span><\/p>\n<\/div><\/div>\n<\/div>\n\n<div class=\"et_pb_column_11 et_pb_column et_flex_column et_pb_css_mix_blend_mode_passthrough et_flex_column_8_24 et_flex_column_8_24_tablet et_flex_column_24_24_phone\">\n<div class=\"et_pb_text_6 et_pb_text et_pb_bg_layout_light et_pb_module et_flex_module\"><div class=\"et_pb_text_inner\"><p><span>Empresas de alarmas (para c\u00f3digo\/agilizaci\u00f3n)<\/span><\/p>\n<\/div><\/div>\n<\/div>\n\n<div class=\"et_pb_column_12 et_pb_column et-last-child et_flex_column et_pb_css_mix_blend_mode_passthrough et_flex_column_8_24 et_flex_column_8_24_tablet et_flex_column_24_24_phone\">\n<div class=\"et_pb_text_7 et_pb_text et_pb_bg_layout_light et_pb_module et_flex_module\"><div class=\"et_pb_text_inner\"><p><span>Arquitectos y empresas de ingenier\u00eda<\/span><span><\/span><\/p>\n<\/div><\/div>\n<\/div>\n<\/div>\n<\/div>\n\n<div class=\"et_pb_section_3 et_pb_section et_section_regular et_flex_section\">\n<div class=\"et_pb_row_7 et_pb_row et_flex_row\">\n<div class=\"et_pb_column_13 et_pb_column et-last-child et_flex_column et_pb_css_mix_blend_mode_passthrough et_flex_column_24_24 et_flex_column_24_24_tablet et_flex_column_24_24_phone\">\n<div class=\"et_pb_group_2 et_pb_group et-last-child et_pb_module et_flex_group et_pb_css_mix_blend_mode_passthrough\">\n<div class=\"et_pb_heading_5 et_pb_heading et_pb_module et_flex_module\"><div class=\"et_pb_heading_container\"><h5 class=\"et_pb_module_header\">Los expertos en el C\u00f3digo de Incendios<\/h5><\/div><\/div>\n\n<div class=\"et_pb_heading_6 et_pb_heading et_pb_module et_flex_module\"><div class=\"et_pb_heading_container\"><h2 class=\"et_pb_module_header\">Specialized Compliance & Expediting Services<\/h2><\/div><\/div>\n<\/div>\n<\/div>\n<\/div>\n\n<div class=\"et_pb_row_8 et_pb_row et_flex_row\">\n<div class=\"et_pb_column_14 et_pb_column et_flex_column et_pb_css_mix_blend_mode_passthrough et_flex_column_8_24 et_flex_column_8_24_tablet et_flex_column_24_24_phone\">\n<div class=\"et_pb_blurb_3 et_pb_blurb et_pb_bg_layout_light et_pb_blurb_position_top et_pb_module et_flex_module\"><div class=\"et_pb_blurb_content et_flex_module\"><div class=\"et_pb_blurb_container\"><h5 class=\"et_pb_module_header\">DOB & Muncipal Expediting<\/h5><div class=\"et_pb_blurb_description\"><p><span>R\u00e1pida presentaci\u00f3n, tramitaci\u00f3n y obtenci\u00f3n de las aprobaciones finales para todos los proyectos de construcci\u00f3n y seguridad.<\/span><\/p>\n<\/div><\/div><\/div><\/div>\n<\/div>\n\n<div class=\"et_pb_column_15 et_pb_column et_flex_column et_pb_css_mix_blend_mode_passthrough et_flex_column_8_24 et_flex_column_8_24_tablet et_flex_column_24_24_phone\">\n<div class=\"et_pb_blurb_4 et_pb_blurb et_pb_bg_layout_light et_pb_blurb_position_top et_pb_module et_flex_module\"><div class=\"et_pb_blurb_content et_flex_module\"><div class=\"et_pb_blurb_container\"><h5 class=\"et_pb_module_header\">Cumplimiento del sistema de alarma contra incendios<\/h5><div class=\"et_pb_blurb_description\"><p><span>Asesoramiento experto sobre las normas NFPA, la documentaci\u00f3n del sistema y la presentaci\u00f3n del dise\u00f1o.<\/span><\/p>\n<\/div><\/div><\/div><\/div>\n<\/div>\n\n<div class=\"et_pb_column_16 et_pb_column et-last-child et_flex_column et_pb_css_mix_blend_mode_passthrough et_flex_column_8_24 et_flex_column_8_24_tablet et_flex_column_24_24_phone\">\n<div class=\"et_pb_blurb_5 et_pb_blurb et_pb_bg_layout_light et_pb_blurb_position_top et_pb_module et_flex_module\"><div class=\"et_pb_blurb_content et_flex_module\"><div class=\"et_pb_blurb_container\"><h5 class=\"et_pb_module_header\">Pre-Inspections & Audits<\/h5><div class=\"et_pb_blurb_description\"><p><span>Auditor\u00edas previas a la AHJ para identificar y resolver deficiencias, garantizando un proceso sin inconvenientes el d\u00eda de la inspecci\u00f3n.<\/span><\/p>\n<\/div><\/div><\/div><\/div>\n<\/div>\n<\/div>\n\n<div class=\"et_pb_row_9 et_pb_row et_flex_row\">\n<div class=\"et_pb_column_17 et_pb_column et_flex_column et_pb_css_mix_blend_mode_passthrough et_flex_column_8_24 et_flex_column_8_24_tablet et_flex_column_24_24_phone\">\n<div class=\"et_pb_blurb_6 et_pb_blurb et_pb_bg_layout_light et_pb_blurb_position_top et_pb_module et_flex_module\"><div class=\"et_pb_blurb_content et_flex_module\"><div class=\"et_pb_blurb_container\"><h5 class=\"et_pb_module_header\">Documentation & Filing Management<\/h5><div class=\"et_pb_blurb_description\"><p><span>Gesti\u00f3n de todos los formularios, la documentaci\u00f3n y el archivo necesarios para garantizar el pleno cumplimiento normativo.<\/span><\/p>\n<\/div><\/div><\/div><\/div>\n<\/div>\n\n<div class=\"et_pb_column_18 et_pb_column et_flex_column et_pb_css_mix_blend_mode_passthrough et_flex_column_8_24 et_flex_column_8_24_tablet et_flex_column_24_24_phone\">\n<div class=\"et_pb_blurb_7 et_pb_blurb et_pb_bg_layout_light et_pb_blurb_position_top et_pb_module et_flex_module\"><div class=\"et_pb_blurb_content et_flex_module\"><div class=\"et_pb_blurb_container\"><h5 class=\"et_pb_module_header\">Project & Code Consulting<\/h5><div class=\"et_pb_blurb_description\"><p><span>Revisi\u00f3n inicial del plan y diligencia debida para garantizar el cumplimiento de la normativa desde la fase de dise\u00f1o.<\/span><\/p>\n<\/div><\/div><\/div><\/div>\n<\/div>\n\n<div class=\"et_pb_column_19 et_pb_column et-last-child et_flex_column et_pb_css_mix_blend_mode_passthrough et_flex_column_8_24 et_flex_column_8_24_tablet et_flex_column_24_24_phone\">\n<div class=\"et_pb_blurb_8 et_pb_blurb et_pb_bg_layout_light et_pb_blurb_position_top et_pb_module et_flex_module\"><div class=\"et_pb_blurb_content et_flex_module\"><div class=\"et_pb_blurb_container\"><h5 class=\"et_pb_module_header\">Supervisi\u00f3n de la instalaci\u00f3n<\/h5><div class=\"et_pb_blurb_description\"><p><span>Garantizar que todos los procesos de instalaci\u00f3n cumplan con las especificaciones exactas requeridas para la aceptaci\u00f3n final.<\/span><\/p>\n<\/div><\/div><\/div><\/div>\n<\/div>\n<\/div>\n\n<div class=\"et_pb_row_10 et_pb_row et_flex_row\">\n<div class=\"et_pb_column_20 et_pb_column et-last-child et_flex_column et_pb_css_mix_blend_mode_passthrough et_flex_column_24_24 et_flex_column_24_24_tablet et_flex_column_24_24_phone\">\n<div class=\"et_pb_module et_pb_button_module_wrapper et_pb_button_2_wrapper\"><a class=\"et_pb_button_2 et_pb_button et_pb_bg_layout_light et_pb_module et_flex_module\" href=\"https:\/\/www.expeditingsupportservices.com\/es\/services\/\">Explore todos los servicios<\/a><\/div>\n<\/div>\n<\/div>\n<\/div>\n\n<div class=\"et_pb_section_4 et_pb_section et_section_regular et_flex_section\">\n<div class=\"et_pb_row_11 et_pb_row et_flex_row\">\n<div class=\"et_pb_column_21 et_pb_column et_flex_column et_pb_css_mix_blend_mode_passthrough et_flex_column_12_24 et_flex_column_12_24_tablet et_flex_column_24_24_phone\">\n<div class=\"et_pb_text_8 et_pb_text et_pb_bg_layout_light et_pb_module et_flex_module\"><div class=\"et_pb_text_inner\"><p>Servicios especiales para la Rep\u00fablica Dominicana.<\/p>\n<p><span>Servicios especiales para la Rep\u00fablica Dominicana.<\/span><\/p>\n<\/div><\/div>\n\n<div class=\"et_pb_module et_pb_button_module_wrapper et_pb_button_3_wrapper\"><a class=\"et_pb_button_3 et_pb_button et_pb_bg_layout_light et_pb_module et_flex_module\" href=\"#\">M\u00e1s informaci\u00f3n<\/a><\/div>\n<\/div>\n\n<div class=\"et_pb_column_22 et_pb_column et-last-child et_flex_column et_pb_css_mix_blend_mode_passthrough et_flex_column_12_24 et_flex_column_12_24_tablet et_flex_column_24_24_phone\">\n<div class=\"et_pb_image_0 et_pb_image et_pb_module et_flex_module\"><span class=\"et_pb_image_wrap\"><img loading=\"lazy\" decoding=\"async\" src=\"https:\/\/www.expeditingsupportservices.com\/wp-content\/uploads\/2026\/01\/DR-flag.jpg\" title=\"Indicador DR\" width=\"640\" height=\"400\" srcset=\"https:\/\/www.expeditingsupportservices.com\/wp-content\/uploads\/2026\/01\/DR-flag.jpg 640w, https:\/\/www.expeditingsupportservices.com\/wp-content\/uploads\/2026\/01\/DR-flag-480x300.jpg 480w\" sizes=\"(min-width: 0px) and (max-width: 480px) 480px, (min-width: 481px) 640px, 100vw\" class=\"wp-image-310\" \/><\/span><\/div>\n<\/div>\n<\/div>\n<\/div>\n\n<div class=\"et_pb_section_5 et_pb_section et_section_regular et_flex_section\">\n<div class=\"et_pb_row_12 et_pb_row et_flex_row\">\n<div class=\"et_pb_column_23 et_pb_column et-last-child et_flex_column et_pb_css_mix_blend_mode_passthrough et_flex_column_24_24 et_flex_column_24_24_tablet et_flex_column_24_24_phone\">\n<div class=\"et_pb_heading_7 et_pb_heading et_pb_module et_flex_module\"><div class=\"et_pb_heading_container\"><h5 class=\"et_pb_module_header\">Acaba con los retrasos<\/h5><\/div><\/div>\n\n<div class=\"et_pb_heading_8 et_pb_heading et_pb_module et_flex_module\"><div class=\"et_pb_heading_container\"><h2 class=\"et_pb_module_header\">Inicie sus aprobaciones<\/h2><\/div><\/div>\n\n<div class=\"et_pb_text_9 et_pb_text et_pb_bg_layout_light et_pb_module et_flex_module\"><div class=\"et_pb_text_inner\"><p><span>P\u00f3ngase en contacto con nuestro equipo para una revisi\u00f3n r\u00e1pida de sus planes o una consulta inmediata sobre sus necesidades de presentaci\u00f3n.<\/span><\/p>\n<\/div><\/div>\n\n<div class=\"et_pb_module et_pb_button_module_wrapper et_pb_button_4_wrapper\"><a class=\"et_pb_button_4 et_pb_button et_pb_bg_layout_light et_pb_module et_flex_module\" href=\"https:\/\/www.expeditingsupportservices.com\/es\/contact\/\">Cont\u00e1ctenos<\/a><\/div>\n<\/div>\n<\/div>\n<\/div>","protected":false},"excerpt":{"rendered":"","protected":false},"author":1,"featured_media":0,"parent":0,"menu_order":0,"comment_status":"closed","ping_status":"closed","template":"","meta":{"footnotes":""},"class_list":["post-13","page","type-page","status-publish","hentry"],"_links":{"self":[{"href":"https:\/\/www.expeditingsupportservices.com\/es\/wp-json\/wp\/v2\/pages\/13","targetHints":{"allow":["GET"]}}],"collection":[{"href":"https:\/\/www.expeditingsupportservices.com\/es\/wp-json\/wp\/v2\/pages"}],"about":[{"href":"https:\/\/www.expeditingsupportservices.com\/es\/wp-json\/wp\/v2\/types\/page"}],"author":[{"embeddable":true,"href":"https:\/\/www.expeditingsupportservices.com\/es\/wp-json\/wp\/v2\/users\/1"}],"replies":[{"embeddable":true,"href":"https:\/\/www.expeditingsupportservices.com\/es\/wp-json\/wp\/v2\/comments?post=13"}],"version-history":[{"count":108,"href":"https:\/\/www.expeditingsupportservices.com\/es\/wp-json\/wp\/v2\/pages\/13\/revisions"}],"predecessor-version":[{"id":329,"href":"https:\/\/www.expeditingsupportservices.com\/es\/wp-json\/wp\/v2\/pages\/13\/revisions\/329"}],"wp:attachment":[{"href":"https:\/\/www.expeditingsupportservices.com\/es\/wp-json\/wp\/v2\/media?parent=13"}],"curies":[{"name":"wp","href":"https:\/\/api.w.org\/{rel}","templated":true}]}}